{"id":9,"date":"2021-11-15T14:15:15","date_gmt":"2021-11-15T14:15:15","guid":{"rendered":"http:\/\/lesmotifs.blogcinemacentansdejeunesse.org\/blog\/?page_id=9"},"modified":"2022-04-05T07:17:48","modified_gmt":"2022-04-05T07:17:48","slug":"exercices","status":"publish","type":"page","link":"http:\/\/lesmotifs.blogcinemacentansdejeunesse.org\/blog\/exercices\/","title":{"rendered":"Exercices"},"content":{"rendered":"\n<p class=\"has-text-align-center has-black-color has-text-color\"><span style=\"color:#ff7d00\" class=\"has-inline-color\"><strong>Bilan d\u2019\u00e9tape \u00e0 Martigues, le 12 mars<\/strong><\/span><\/p>\n\n\n<div style=\"padding: 56.25% 0 0 0; position: relative;\"><iframe style=\"position: absolute; top: 0; left: 0; width: 100%; height: 100%;\" title=\"LES MOTIFS - Florile\u0300ge d&amp;#039;exercices - Martigues\" src=\"https:\/\/player.vimeo.com\/video\/688168838?h=40ba070e5f&amp;badge=0&amp;autopause=0&amp;player_id=0&amp;app_id=58479\" allowfullscreen=\"allowfullscreen\" frameborder=\"0\"><\/iframe><\/div>\n\n\n<p><\/p>\n\n\n\n<p class=\"has-black-color has-text-color\">Floril\u00e8ge du 12 mars 2022, au Cin\u00e9ma La Cascade, \u00e0 Martigues, qui rassemblait les ateliers suivants :<\/p>\n\n\n\n<p class=\"has-black-color has-text-color\"><span style=\"color:#fa8a00\" class=\"has-inline-color\">Espagne<\/span><span style=\"color:#ff8400\" class=\"has-inline-color\"> :<\/span> Institut Maria Espinalt, Barcelona \/ <span style=\"color:#ff9f00\" class=\"has-inline-color\">France :<\/span> Coll\u00e8ge Jean Moulin, Perpignan \/ Ecole Gabriel P\u00e9ri, St Martin d\u2019H\u00e8res  \/ Coll\u00e8ge Matraja, Sausset-les-Pins \/ Lyc\u00e9e de Bellevue, Fort de France \/ Ecole Gilbert del Corso, Fos sur Mer<\/p>\n\n\n\n<hr class=\"wp-block-separator is-style-wide\"\/>\n\n\n\n<p class=\"has-text-align-center\"><span style=\"color:#ff7d00\" class=\"has-inline-color\"><strong>Bilan d\u2019\u00e9tape \u00e0 Pantin, le 15 mars<\/strong><\/span><\/p>\n\n\n\n<figure class=\"wp-block-embed is-type-video is-provider-vimeo wp-block-embed-vimeo\"><div class=\"wp-block-embed__wrapper\">\n<iframe loading=\"lazy\" title=\"LES MOTIFS - Florile\u0300ge d&#039;exercices - Pantin 1\" src=\"https:\/\/player.vimeo.com\/video\/693872073?h=c57e6274c5&amp;dnt=1&amp;app_id=122963\" width=\"640\" height=\"360\" frameborder=\"0\" allow=\"autoplay; fullscreen; picture-in-picture\" allowfullscreen><\/iframe>\n<\/div><\/figure>\n\n\n\n<p>Floril\u00e8ge du 15 mars 2022, au Cin\u00e9 104, \u00e0 Pantin, qui rassemblait les ateliers suivants :<\/p>\n\n\n\n<p><span style=\"color:#fa8a00\" class=\"has-inline-color\">Japon<\/span><span style=\"color:#ff8400\" class=\"has-inline-color\"> :<\/span> Children Meet Cinema, Tokio \/ <span style=\"color:#ff9f00\" class=\"has-inline-color\">Br\u00e9sil :<\/span> Escola Carlitos, Sao Paulo \/ <span style=\"color:#ff9f00\" class=\"has-inline-color\">France :<\/span> Lyc\u00e9e Champollion, Grenoble \/ Lyc\u00e9e Yves Leborgne, Sainte-Anne  \/ Lyc\u00e9e Romain Rolland, Ivry-sur-Seine  \/ Lyc\u00e9e Jean Jaur\u00e8s, Montreuil \/ Ecole Chaptal, Paris<\/p>\n\n\n\n<hr class=\"wp-block-separator is-style-wide\"\/>\n\n\n\n<p class=\"has-text-align-center\"><span style=\"color:#ff7d00\" class=\"has-inline-color\"><strong>Bilan d\u2019\u00e9tape \u00e0 Pantin, le 17 mars<\/strong><\/span><\/p>\n\n\n\n<figure class=\"wp-block-embed is-type-video is-provider-vimeo wp-block-embed-vimeo\"><div class=\"wp-block-embed__wrapper\">\n<iframe loading=\"lazy\" title=\"LES MOTIFS - Florile\u0300ge d&#039;exercices - Pantin 2\" src=\"https:\/\/player.vimeo.com\/video\/693875025?h=d2f16e841d&amp;dnt=1&amp;app_id=122963\" width=\"640\" height=\"360\" frameborder=\"0\" allow=\"autoplay; fullscreen; picture-in-picture\" allowfullscreen><\/iframe>\n<\/div><\/figure>\n\n\n\n<p>Floril\u00e8ge du 17mars 2022, au Cin\u00e9 104, \u00e0 Pantin, qui rassemblait les ateliers suivants :<\/p>\n\n\n\n<p><span style=\"color:#fa8a00\" class=\"has-inline-color\">Bulgarie<\/span><span style=\"color:#ff8400\" class=\"has-inline-color\"> :<\/span> Coll\u00e8ge Neofit Rilski, Dermantzi \/ Lyc\u00e9e Emilian Stanev, Veliko Tarnovo \/ <span style=\"color:#ff9f00\" class=\"has-inline-color\">Br\u00e9sil :<\/span> Escola Carlitos, Sao Paulo \/ <span style=\"color:#fa8a00\" class=\"has-inline-color\">Portugal :<\/span> Escola de Serpa \/ <span style=\"color:#ff9f00\" class=\"has-inline-color\">France :<\/span>  Coll\u00e8ge Thomas Mann, Paris \/  Coll\u00e8ge Georges Brassens, Paris \/ Coll\u00e8ge Henri Barbusse, Alfortville \/ Coll\u00e8ge Paul Froment, Sainte-Livrade-sur-Lot<\/p>\n\n\n\n<hr class=\"wp-block-separator is-style-wide\"\/>\n\n\n\n<p class=\"has-text-align-center\"><span style=\"color:#ff7d00\" class=\"has-inline-color\"><strong>Bilan d\u2019\u00e9tape \u00e0 Pantin, le 18 mars<\/strong><\/span><\/p>\n\n\n\n<figure class=\"wp-block-embed is-type-video is-provider-vimeo wp-block-embed-vimeo\"><div class=\"wp-block-embed__wrapper\">\n<iframe loading=\"lazy\" title=\"LES MOTIFS - Florile\u0300ge d&#039;exercices - Pantin 3\" src=\"https:\/\/player.vimeo.com\/video\/693883172?h=088fa59f76&amp;dnt=1&amp;app_id=122963\" width=\"640\" height=\"360\" frameborder=\"0\" allow=\"autoplay; fullscreen; picture-in-picture\" allowfullscreen><\/iframe>\n<\/div><\/figure>\n\n\n\n<p>Floril\u00e8ge du 18 mars 2022, au Cin\u00e9 104, \u00e0 Pantin, qui rassemblait les ateliers suivants :<\/p>\n\n\n\n<p><span style=\"color:#fa8a00\" class=\"has-inline-color\">Argentine<\/span><span style=\"color:#ff8400\" class=\"has-inline-color\"> :<\/span> Escuela Osvaldo Pugliese, Buenos Aires \/ Escuela Biling\u00fce Cacique Pelayo, Fontana \/ <span style=\"color:#ff9f00\" class=\"has-inline-color\">Br\u00e9sil :<\/span> Escola Carlitos, Sao Paulo \/ <span style=\"color:#fa8a00\" class=\"has-inline-color\">Portugal :<\/span> Escola Marques de Pombal \/ <span style=\"color:#ff9f00\" class=\"has-inline-color\">France :<\/span>  Coll\u00e8ge Paul Klee, Thiais \/  Ecole Nicolas de Condorcet, Aubervilliers \/ Coll\u00e8ge du Taravu, Santa Maria Sich\u00e8<\/p>\n\n\n\n<hr class=\"wp-block-separator is-style-wide\"\/>\n\n\n\n<p class=\"has-text-align-center\"><span style=\"color:#ff7d00\" class=\"has-inline-color\"><strong>Bilan d\u2019\u00e9tape \u00e0 Berlin, le 26 mars<\/strong><\/span><\/p>\n\n\n\n<p>Floril\u00e8ge du 26 mars 2022, \u00e0 la Deutsche Kinemathek, \u00e0 Berlin, qui rassemblait les ateliers suivants :<\/p>\n\n\n\n<figure class=\"wp-block-embed is-type-video is-provider-vimeo wp-block-embed-vimeo\"><div class=\"wp-block-embed__wrapper\">\n<iframe loading=\"lazy\" title=\"LES MOTIFS - Florile\u0300ge d&#039;exercices - Berlin\" src=\"https:\/\/player.vimeo.com\/video\/695903200?h=7649282097&amp;dnt=1&amp;app_id=122963\" width=\"640\" height=\"360\" frameborder=\"0\" allow=\"autoplay; fullscreen; picture-in-picture\" allowfullscreen><\/iframe>\n<\/div><\/figure>\n\n\n\n<p><span style=\"color:#ff9f00\" class=\"has-inline-color\">Allemagne :<\/span> Katholische Schule Liebfrauen, Berlin\u00a0 \/ Carlo-Schmid-Oberschule, Berlin \/ IGS Herder, Frankfurt \/ <span style=\"color:#ff9f00\" class=\"has-inline-color\">Royaume-Uni<\/span> : St Margaret&rsquo;s CE Primary School, Withern \/ Glendale School, Glasgow \/<span class=\"has-inline-color has-blue-color\"> <\/span><span style=\"color:#ff9f00\" class=\"has-inline-color\">Lituanie :<\/span> Anyk\u0161\u010diai Jonas Bili\u016bnas gymnasium, Anyk\u0161\u010diai \/ <span style=\"color:#ff9f00\" class=\"has-inline-color\">Finland<\/span> : Kaakkuri Comprehensive school, Oulu<\/p>\n","protected":false},"excerpt":{"rendered":"<p>Bilan d\u2019\u00e9tape \u00e0 Martigues, le 12 mars Floril\u00e8ge du 12 mars 2022, au Cin\u00e9ma La Cascade, \u00e0 Martigues, qui rassemblait les ateliers suivants : Espagne : Institut Maria Espinalt, Barcelona \/ France : Coll\u00e8ge Jean Moulin, Perpignan \/ Ecole Gabriel &hellip; <a href=\"http:\/\/lesmotifs.blogcinemacentansdejeunesse.org\/blog\/exercices\/\">Continuer la lecture <span class=\"meta-nav\">&rarr;<\/span><\/a><\/p>\n","protected":false},"author":1,"featured_media":0,"parent":0,"menu_order":0,"comment_status":"closed","ping_status":"closed","template":"","meta":[],"_links":{"self":[{"href":"http:\/\/lesmotifs.blogcinemacentansdejeunesse.org\/blog\/wp-json\/wp\/v2\/pages\/9"}],"collection":[{"href":"http:\/\/lesmotifs.blogcinemacentansdejeunesse.org\/blog\/wp-json\/wp\/v2\/pages"}],"about":[{"href":"http:\/\/lesmotifs.blogcinemacentansdejeunesse.org\/blog\/wp-json\/wp\/v2\/types\/page"}],"author":[{"embeddable":true,"href":"http:\/\/lesmotifs.blogcinemacentansdejeunesse.org\/blog\/wp-json\/wp\/v2\/users\/1"}],"replies":[{"embeddable":true,"href":"http:\/\/lesmotifs.blogcinemacentansdejeunesse.org\/blog\/wp-json\/wp\/v2\/comments?post=9"}],"version-history":[{"count":12,"href":"http:\/\/lesmotifs.blogcinemacentansdejeunesse.org\/blog\/wp-json\/wp\/v2\/pages\/9\/revisions"}],"predecessor-version":[{"id":2142,"href":"http:\/\/lesmotifs.blogcinemacentansdejeunesse.org\/blog\/wp-json\/wp\/v2\/pages\/9\/revisions\/2142"}],"wp:attachment":[{"href":"http:\/\/lesmotifs.blogcinemacentansdejeunesse.org\/blog\/wp-json\/wp\/v2\/media?parent=9"}],"curies":[{"name":"wp","href":"https:\/\/api.w.org\/{rel}","templated":true}]}}